{"id":8,"date":"2024-03-08T18:05:35","date_gmt":"2024-03-08T18:05:35","guid":{"rendered":"https:\/\/atvretezat.ro\/?page_id=8"},"modified":"2024-08-24T13:15:40","modified_gmt":"2024-08-24T10:15:40","slug":"acasa","status":"publish","type":"page","link":"https:\/\/atvretezat.ro\/","title":{"rendered":"Acasa"},"content":{"rendered":"<p>[et_pb_section fb_built=&#8221;1&#8243; prev_background_color=&#8221;#ffffff&#8221; next_background_color=&#8221;#ffffff&#8221; _builder_version=&#8221;4.13.0&#8243; _module_preset=&#8221;default&#8221; background_color=&#8221;#6b6751&#8243; top_divider_style=&#8221;waves2&#8243; top_divider_height=&#8221;52px&#8221; bottom_divider_style=&#8221;waves2&#8243; bottom_divider_height=&#8221;69px&#8221; global_colors_info=&#8221;{}&#8221;][et_pb_row column_structure=&#8221;3_5,2_5&#8243; _builder_version=&#8221;4.13.0&#8243; _module_preset=&#8221;default&#8221; global_colors_info=&#8221;{}&#8221;][et_pb_column type=&#8221;3_5&#8243; _builder_version=&#8221;4.13.0&#8243; _module_preset=&#8221;default&#8221; global_colors_info=&#8221;{}&#8221;][et_pb_image src=&#8221;https:\/\/atvretezat.ro\/wp-content\/uploads\/2024\/03\/centru-inchirieri-atv-retezat-1300-x-900-px.png&#8221; title_text=&#8221;centru inchirieri atv retezat (1300 x 900 px)&#8221; _builder_version=&#8221;4.13.0&#8243; _module_preset=&#8221;default&#8221; min_height=&#8221;361px&#8221; global_colors_info=&#8221;{}&#8221;][\/et_pb_image][\/et_pb_column][et_pb_column type=&#8221;2_5&#8243; _builder_version=&#8221;4.13.0&#8243; _module_preset=&#8221;default&#8221; global_colors_info=&#8221;{}&#8221;][et_pb_gallery gallery_ids=&#8221;19,20,18,17,16,21,15,22,28,29,26,25,24,23,30&#8243; fullwidth=&#8221;on&#8221; _builder_version=&#8221;4.13.0&#8243; _module_preset=&#8221;default&#8221; auto=&#8221;on&#8221; global_colors_info=&#8221;{}&#8221;][\/et_pb_gallery][\/et_pb_column][\/et_pb_row][\/et_pb_section][et_pb_section fb_built=&#8221;1&#8243; _builder_version=&#8221;4.13.0&#8243; _module_preset=&#8221;default&#8221; global_colors_info=&#8221;{}&#8221;][et_pb_row _builder_version=&#8221;4.13.0&#8243; _module_preset=&#8221;default&#8221; global_colors_info=&#8221;{}&#8221;][et_pb_column type=&#8221;4_4&#8243; _builder_version=&#8221;4.13.0&#8243; _module_preset=&#8221;default&#8221; global_colors_info=&#8221;{}&#8221;][et_pb_image src=&#8221;https:\/\/atvretezat.ro\/wp-content\/uploads\/2024\/08\/Afis-Bababu-Zinuca-II.png&#8221; title_text=&#8221;Afis Bababu Zinuca II&#8221; _builder_version=&#8221;4.13.0&#8243; _module_preset=&#8221;default&#8221; global_colors_info=&#8221;{}&#8221;][\/et_pb_image][et_pb_text _builder_version=&#8221;4.13.0&#8243; _module_preset=&#8221;default&#8221; global_colors_info=&#8221;{}&#8221;]<\/p>\n<p style=\"text-align: center;\"><a href=\"https:\/\/agriculture.ec.europa.eu\/common-agricultural-policy\/rural-development_ro\">https:\/\/agriculture.ec.europa.eu\/common-agricultural-policy\/rural-development_ro<\/a><\/p>\n<p>[\/et_pb_text][et_pb_text _builder_version=&#8221;4.13.0&#8243; _module_preset=&#8221;default&#8221; global_colors_info=&#8221;{}&#8221;]<\/p>\n<p style=\"text-align: center;\"><a href=\"http:\/\/www.atvretezat.ro,\">www.atvretezat.ro,<\/a> website realizat de <a href=\"https:\/\/atumweb.ro\/\">Atum Web<\/a><\/p>\n<p>[\/et_pb_text][\/et_pb_column][\/et_pb_row][\/et_pb_section][et_pb_section fb_built=&#8221;1&#8243; _builder_version=&#8221;4.13.0&#8243; _module_preset=&#8221;default&#8221; custom_padding=&#8221;5px|||||&#8221; global_colors_info=&#8221;{}&#8221;][et_pb_row _builder_version=&#8221;4.13.0&#8243; _module_preset=&#8221;default&#8221; animation_style=&#8221;zoom&#8221; global_colors_info=&#8221;{}&#8221;][et_pb_column type=&#8221;4_4&#8243; _builder_version=&#8221;4.13.0&#8243; _module_preset=&#8221;default&#8221; global_colors_info=&#8221;{}&#8221;][et_pb_text _builder_version=&#8221;4.13.0&#8243; _module_preset=&#8221;default&#8221; text_font=&#8221;Montserrat|800|||||||&#8221; text_font_size=&#8221;60px&#8221; text_line_height=&#8221;0.5em&#8221; text_orientation=&#8221;center&#8221; box_shadow_style=&#8221;preset1&#8243; box_shadow_vertical=&#8221;0px&#8221; box_shadow_blur=&#8221;24px&#8221; box_shadow_spread=&#8221;-18px&#8221; global_colors_info=&#8221;{}&#8221;]<\/p>\n<p style=\"text-align: center;\"><strong><span style=\"font-size: large;\">V\u0103 \u00eent\u00e2mpin\u0103m cu bra\u021bele deschise \u00een lumea noastr\u0103 plin\u0103 de adrenalin\u0103 \u0219i frumuse\u021bi naturale. Cu noi, ave\u021bi \u0219ansa de a v\u0103 elibera de rutina zilnic\u0103 \u0219i a v\u0103 re\u00eenc\u0103rca bateriile explor\u00e2nd trasee pitore\u0219ti \u00een inima Retezatului. Fiecare plimbare cu ATV-ul este o promisiune a aventurii pure \u0219i a momentelor de pace, av\u00e2nd ca fundal unele dintre cele mai impresionante peisaje. L\u0103sa\u021bi-v\u0103 sedu\u0219i de chemarea naturii \u0219i planifica\u021bi-v\u0103 o escapad\u0103 memorabil\u0103 pe patru ro\u021bi.\u00a0<\/span><\/strong><\/p>\n<p>[\/et_pb_text][\/et_pb_column][\/et_pb_row][et_pb_row column_structure=&#8221;1_3,1_3,1_3&#8243; _builder_version=&#8221;4.13.0&#8243; _module_preset=&#8221;default&#8221; global_colors_info=&#8221;{}&#8221;][et_pb_column type=&#8221;1_3&#8243; _builder_version=&#8221;4.13.0&#8243; _module_preset=&#8221;default&#8221; global_colors_info=&#8221;{}&#8221;][et_pb_blurb title=&#8221;Despre noi&#8221; url=&#8221;https:\/\/atvretezat.ro\/index.php\/despre-noi\/&#8221; image=&#8221;https:\/\/atvretezat.ro\/wp-content\/uploads\/2024\/03\/1-150&#215;150.png&#8221; image_icon_width=&#8221;76%&#8221; _builder_version=&#8221;4.13.0&#8243; _module_preset=&#8221;default&#8221; header_level=&#8221;h1&#8243; header_font=&#8221;Abril Fatface|800|||||||&#8221; header_text_align=&#8221;center&#8221; header_font_size=&#8221;26px&#8221; header_letter_spacing=&#8221;3px&#8221; image_icon_custom_margin=&#8221;0px||||false|false&#8221; image_icon_custom_padding=&#8221;0px||||false|false&#8221; transform_scale=&#8221;84%|84%&#8221; text_orientation=&#8221;center&#8221; custom_margin=&#8221;0px||||false|false&#8221; header_text_shadow_style=&#8221;preset2&#8243; header_text_shadow_horizontal_length=&#8221;-0.09em&#8221; header_text_shadow_vertical_length=&#8221;-0.03em&#8221; header_text_shadow_blur_strength=&#8221;2em&#8221; border_color_top=&#8221;#000000&#8243; border_radii_image=&#8221;off||||&#8221; box_shadow_style=&#8221;preset1&#8243; box_shadow_horizontal=&#8221;-6px&#8221; global_colors_info=&#8221;{}&#8221;][\/et_pb_blurb][\/et_pb_column][et_pb_column type=&#8221;1_3&#8243; _builder_version=&#8221;4.13.0&#8243; _module_preset=&#8221;default&#8221; global_colors_info=&#8221;{}&#8221;][et_pb_blurb title=&#8221;Galerie foto&#8221; url=&#8221;https:\/\/atvretezat.ro\/index.php\/galerie-foto\/&#8221; image=&#8221;https:\/\/atvretezat.ro\/wp-content\/uploads\/2024\/03\/3-150&#215;150.png&#8221; image_icon_width=&#8221;76%&#8221; _builder_version=&#8221;4.13.0&#8243; _module_preset=&#8221;default&#8221; header_level=&#8221;h1&#8243; header_font=&#8221;Abril Fatface|800|||||||&#8221; header_text_align=&#8221;center&#8221; header_font_size=&#8221;26px&#8221; header_letter_spacing=&#8221;3px&#8221; image_icon_custom_margin=&#8221;0px||||false|false&#8221; image_icon_custom_padding=&#8221;0px||||false|false&#8221; transform_scale=&#8221;84%|84%&#8221; text_orientation=&#8221;center&#8221; custom_margin=&#8221;0px||||false|false&#8221; header_text_shadow_style=&#8221;preset2&#8243; header_text_shadow_horizontal_length=&#8221;-0.09em&#8221; header_text_shadow_vertical_length=&#8221;-0.03em&#8221; header_text_shadow_blur_strength=&#8221;2em&#8221; border_color_top=&#8221;#000000&#8243; border_radii_image=&#8221;off||||&#8221; box_shadow_style=&#8221;preset1&#8243; box_shadow_horizontal=&#8221;-6px&#8221; global_colors_info=&#8221;{}&#8221;][\/et_pb_blurb][\/et_pb_column][et_pb_column type=&#8221;1_3&#8243; _builder_version=&#8221;4.13.0&#8243; _module_preset=&#8221;default&#8221; global_colors_info=&#8221;{}&#8221;][et_pb_blurb title=&#8221;Contact&#8221; url=&#8221;https:\/\/atvretezat.ro\/index.php\/contact\/&#8221; image=&#8221;https:\/\/atvretezat.ro\/wp-content\/uploads\/2024\/03\/2-150&#215;150.png&#8221; image_icon_width=&#8221;76%&#8221; _builder_version=&#8221;4.13.0&#8243; _module_preset=&#8221;default&#8221; header_level=&#8221;h1&#8243; header_font=&#8221;Abril Fatface|800|||||||&#8221; header_text_align=&#8221;center&#8221; header_font_size=&#8221;26px&#8221; header_letter_spacing=&#8221;3px&#8221; image_icon_custom_margin=&#8221;0px||||false|false&#8221; image_icon_custom_padding=&#8221;0px||||false|false&#8221; transform_scale=&#8221;84%|84%&#8221; text_orientation=&#8221;center&#8221; custom_margin=&#8221;0px||||false|false&#8221; header_text_shadow_style=&#8221;preset2&#8243; header_text_shadow_horizontal_length=&#8221;-0.09em&#8221; header_text_shadow_vertical_length=&#8221;-0.03em&#8221; header_text_shadow_blur_strength=&#8221;2em&#8221; border_color_top=&#8221;#000000&#8243; border_radii_image=&#8221;off||||&#8221; box_shadow_style=&#8221;preset1&#8243; box_shadow_horizontal=&#8221;-6px&#8221; global_colors_info=&#8221;{}&#8221;][\/et_pb_blurb][\/et_pb_column][\/et_pb_row][\/et_pb_section][et_pb_section fb_built=&#8221;1&#8243; prev_background_color=&#8221;#ffffff&#8221; next_background_color=&#8221;#ffffff&#8221; _builder_version=&#8221;4.13.0&#8243; _module_preset=&#8221;default&#8221; background_color=&#8221;#6b6751&#8243; top_divider_style=&#8221;slant2&#8243; top_divider_height=&#8221;57px&#8221; bottom_divider_style=&#8221;slant2&#8243; bottom_divider_height=&#8221;77px&#8221; global_colors_info=&#8221;{}&#8221;][et_pb_row _builder_version=&#8221;4.13.0&#8243; _module_preset=&#8221;default&#8221; global_colors_info=&#8221;{}&#8221;][et_pb_column type=&#8221;4_4&#8243; _builder_version=&#8221;4.13.0&#8243; _module_preset=&#8221;default&#8221; global_colors_info=&#8221;{}&#8221;][et_pb_text _builder_version=&#8221;4.13.0&#8243; _module_preset=&#8221;default&#8221; text_font=&#8221;Montserrat||||||||&#8221; global_colors_info=&#8221;{}&#8221;]<\/p>\n<h2 style=\"text-align: center;\"><span style=\"color: #ffffff;\"><strong>Serviciile noastre<\/strong><\/span><\/h2>\n<p>[\/et_pb_text][\/et_pb_column][\/et_pb_row][et_pb_row column_structure=&#8221;1_2,1_2&#8243; _builder_version=&#8221;4.13.0&#8243; _module_preset=&#8221;default&#8221; global_colors_info=&#8221;{}&#8221;][et_pb_column type=&#8221;1_2&#8243; _builder_version=&#8221;4.13.0&#8243; _module_preset=&#8221;default&#8221; global_colors_info=&#8221;{}&#8221;][et_pb_text _builder_version=&#8221;4.13.0&#8243; _module_preset=&#8221;default&#8221; text_font=&#8221;Montserrat||||||||&#8221; global_colors_info=&#8221;{}&#8221;]<\/p>\n<h3 style=\"text-align: center;\"><span style=\"color: #ffffff;\"><strong>Traseu recreativ cu ATV<\/strong><\/span><\/h3>\n<p>[\/et_pb_text][et_pb_image src=&#8221;https:\/\/atvretezat.ro\/wp-content\/uploads\/2024\/03\/Inchiriere-ATV-retezat-hateg3-300&#215;300.png&#8221; alt=&#8221;Inchiriere ATV retezat hateg3&#8243; title_text=&#8221;Inchiriere ATV retezat hateg3&#8243; align=&#8221;center&#8221; _builder_version=&#8221;4.13.0&#8243; _module_preset=&#8221;default&#8221; global_colors_info=&#8221;{}&#8221;][\/et_pb_image][\/et_pb_column][et_pb_column type=&#8221;1_2&#8243; _builder_version=&#8221;4.13.0&#8243; _module_preset=&#8221;default&#8221; global_colors_info=&#8221;{}&#8221;][et_pb_text _builder_version=&#8221;4.13.0&#8243; _module_preset=&#8221;default&#8221; text_font=&#8221;Montserrat||||||||&#8221; inline_fonts=&#8221;Montserrat&#8221; global_colors_info=&#8221;{}&#8221;]<\/p>\n<h3 style=\"text-align: center;\"><span style=\"color: #ffffff;\"><strong>Traseu recreativ cu bicicleta electrica<\/strong><\/span><\/h3>\n<p>[\/et_pb_text][et_pb_image src=&#8221;https:\/\/atvretezat.ro\/wp-content\/uploads\/2024\/03\/inchiriere-bicicleta-electrica.png&#8221; title_text=&#8221;inchiriere bicicleta electrica&#8221; align=&#8221;center&#8221; _builder_version=&#8221;4.13.0&#8243; _module_preset=&#8221;default&#8221; global_colors_info=&#8221;{}&#8221;][\/et_pb_image][\/et_pb_column][\/et_pb_row][\/et_pb_section][et_pb_section fb_built=&#8221;1&#8243; _builder_version=&#8221;4.13.0&#8243; _module_preset=&#8221;default&#8221; global_colors_info=&#8221;{}&#8221;][et_pb_row _builder_version=&#8221;4.13.0&#8243; _module_preset=&#8221;default&#8221; global_colors_info=&#8221;{}&#8221;][et_pb_column type=&#8221;4_4&#8243; _builder_version=&#8221;4.13.0&#8243; _module_preset=&#8221;default&#8221; global_colors_info=&#8221;{}&#8221;][et_pb_text _builder_version=&#8221;4.13.0&#8243; _module_preset=&#8221;default&#8221; text_font=&#8221;Montserrat||||||||&#8221; global_colors_info=&#8221;{}&#8221;]<\/p>\n<h2 style=\"text-align: center;\"><strong>Preturi servicii<\/strong><\/h2>\n<p>[\/et_pb_text][\/et_pb_column][\/et_pb_row][et_pb_row column_structure=&#8221;1_2,1_2&#8243; _builder_version=&#8221;4.13.0&#8243; _module_preset=&#8221;default&#8221; global_colors_info=&#8221;{}&#8221;][et_pb_column type=&#8221;1_2&#8243; _builder_version=&#8221;4.13.0&#8243; _module_preset=&#8221;default&#8221; global_colors_info=&#8221;{}&#8221;][et_pb_text _builder_version=&#8221;4.13.0&#8243; _module_preset=&#8221;default&#8221; text_font=&#8221;Montserrat||||||||&#8221; hover_enabled=&#8221;0&#8243; global_colors_info=&#8221;{}&#8221; sticky_enabled=&#8221;0&#8243;]<\/p>\n<h3 style=\"text-align: center;\"><strong><img loading=\"lazy\" decoding=\"async\" src=\"https:\/\/atvretezat.ro\/wp-content\/uploads\/2024\/03\/Untitled-design-2.png\" width=\"80\" height=\"80\" alt=\"\" class=\"wp-image-148 alignnone size-full\" \/><br \/>Traseu recreativ cu ATV<\/strong><\/h3>\n<p style=\"text-align: center;\"><strong>Traseu 1 &#8211; 150 lei \/ ora<\/strong><\/p>\n<p style=\"text-align: center;\"><strong>Traseu 2 &#8211; 300 lei \/ 2 ore<\/strong><\/p>\n<p style=\"text-align: center;\"><strong>Traseu 3 &#8211; 450 lei \/ 3 ore<\/strong><\/p>\n<p style=\"text-align: center;\"><strong><\/strong><\/p>\n<p>[\/et_pb_text][\/et_pb_column][et_pb_column type=&#8221;1_2&#8243; _builder_version=&#8221;4.13.0&#8243; _module_preset=&#8221;default&#8221; global_colors_info=&#8221;{}&#8221;][et_pb_text _builder_version=&#8221;4.13.0&#8243; _module_preset=&#8221;default&#8221; text_font=&#8221;Montserrat||||||||&#8221; global_colors_info=&#8221;{}&#8221;]<\/p>\n<h3 style=\"text-align: center;\"><strong><img loading=\"lazy\" decoding=\"async\" src=\"https:\/\/atvretezat.ro\/wp-content\/uploads\/2024\/03\/Untitled-design-3.png\" width=\"80\" height=\"80\" alt=\"\" class=\"wp-image-149 alignnone size-full\" \/><br \/>Traseu recreativ cu bicicleta electrica &#8211; 100 lei \/ zi<\/strong><\/h3>\n<p>[\/et_pb_text][\/et_pb_column][\/et_pb_row][\/et_pb_section][et_pb_section fb_built=&#8221;1&#8243; _builder_version=&#8221;4.13.0&#8243; _module_preset=&#8221;default&#8221; global_colors_info=&#8221;{}&#8221;][et_pb_row _builder_version=&#8221;4.13.0&#8243; _module_preset=&#8221;default&#8221; global_colors_info=&#8221;{}&#8221;][et_pb_column type=&#8221;4_4&#8243; _builder_version=&#8221;4.13.0&#8243; _module_preset=&#8221;default&#8221; global_colors_info=&#8221;{}&#8221;][et_pb_text _builder_version=&#8221;4.13.0&#8243; _module_preset=&#8221;default&#8221; text_font=&#8221;Montserrat||||||||&#8221; global_colors_info=&#8221;{}&#8221;]<\/p>\n<h1 style=\"text-align: center;\"><strong>Rezervari<\/strong><\/h1>\n<p>[\/et_pb_text][\/et_pb_column][\/et_pb_row][et_pb_row _builder_version=&#8221;4.13.0&#8243; _module_preset=&#8221;default&#8221; global_colors_info=&#8221;{}&#8221;][et_pb_column type=&#8221;4_4&#8243; _builder_version=&#8221;4.13.0&#8243; _module_preset=&#8221;default&#8221; global_colors_info=&#8221;{}&#8221;][et_pb_text _builder_version=&#8221;4.13.0&#8243; _module_preset=&#8221;default&#8221; text_font=&#8221;Montserrat||||||||&#8221; global_colors_info=&#8221;{}&#8221;]<\/p>\n<p><span>Alege s\u0103 tr\u0103ie\u0219ti o experien\u021b\u0103 captivant\u0103 pe patru ro\u021bi \u00een inima naturii! Contacteaz\u0103-ne acum pentru a rezerva aventura ta cu ATV-ul prin Retezat. Fie c\u0103 preferi telefonul, emailul sau comoditatea rezerv\u0103rii online, suntem aici pentru a-\u021bi facilita accesul la o experien\u021b\u0103 de neegalat.<\/span><\/p>\n<p>[\/et_pb_text][et_pb_text _builder_version=&#8221;4.13.0&#8243; _module_preset=&#8221;default&#8221; text_font=&#8221;Montserrat||||||||&#8221; global_colors_info=&#8221;{}&#8221;]<\/p>\n<h2 style=\"text-align: center;\"><strong><span>\ud83d\udcde 0760 522 011 \/ 0763 121 988<\/span><\/strong><\/h2>\n<h2 style=\"text-align: center;\"><strong><span>\u2709\ufe0f adi_babau92@yahoo.com<\/span><\/strong><\/h2>\n<p>[\/et_pb_text][\/et_pb_column][\/et_pb_row][et_pb_row _builder_version=&#8221;4.13.0&#8243; _module_preset=&#8221;default&#8221; global_colors_info=&#8221;{}&#8221;][et_pb_column type=&#8221;4_4&#8243; _builder_version=&#8221;4.13.0&#8243; _module_preset=&#8221;default&#8221; global_colors_info=&#8221;{}&#8221;][et_pb_button button_url=&#8221;https:\/\/atvretezat.ro\/index.php\/rezervari-online\/&#8221; button_text=&#8221;Rezerva online&#8221; button_alignment=&#8221;center&#8221; _builder_version=&#8221;4.13.0&#8243; _module_preset=&#8221;default&#8221; custom_button=&#8221;on&#8221; button_text_color=&#8221;#FFFFFF&#8221; button_bg_color=&#8221;#6b6751&#8243; button_border_radius=&#8221;15px&#8221; button_font=&#8221;Montserrat|700|||||||&#8221; button_icon=&#8221;&#x39;||divi||400&#8243; global_colors_info=&#8221;{}&#8221;][\/et_pb_button][\/et_pb_column][\/et_pb_row][\/et_pb_section][et_pb_section fb_built=&#8221;1&#8243; _builder_version=&#8221;4.13.0&#8243; _module_preset=&#8221;default&#8221; global_colors_info=&#8221;{}&#8221;][et_pb_row _builder_version=&#8221;4.13.0&#8243; _module_preset=&#8221;default&#8221; global_colors_info=&#8221;{}&#8221;][et_pb_column type=&#8221;4_4&#8243; _builder_version=&#8221;4.13.0&#8243; _module_preset=&#8221;default&#8221; global_colors_info=&#8221;{}&#8221;][et_pb_image src=&#8221;https:\/\/atvretezat.ro\/wp-content\/uploads\/2024\/03\/603f2fa2-e7cc-4484-863d-d7b9c1cd87ea.jpg&#8221; title_text=&#8221;603f2fa2-e7cc-4484-863d-d7b9c1cd87ea&#8221; _builder_version=&#8221;4.13.0&#8243; _module_preset=&#8221;default&#8221; global_colors_info=&#8221;{}&#8221;][\/et_pb_image][\/et_pb_column][\/et_pb_row][\/et_pb_section][et_pb_section fb_built=&#8221;1&#8243; _builder_version=&#8221;4.13.0&#8243; _module_preset=&#8221;default&#8221; global_colors_info=&#8221;{}&#8221;][\/et_pb_section]<\/p>\n","protected":false},"excerpt":{"rendered":"<p>https:\/\/agriculture.ec.europa.eu\/common-agricultural-policy\/rural-development_rowww.atvretezat.ro, website realizat de Atum WebV\u0103 \u00eent\u00e2mpin\u0103m cu bra\u021bele deschise \u00een lumea noastr\u0103 plin\u0103 de adrenalin\u0103 \u0219i frumuse\u021bi naturale. Cu noi, ave\u021bi \u0219ansa de a v\u0103 elibera de rutina zilnic\u0103 \u0219i a v\u0103 re\u00eenc\u0103rca bateriile explor\u00e2nd trasee pitore\u0219ti \u00een inima Retezatului. Fiecare plimbare cu ATV-ul este o promisiune a aventurii pure \u0219i a momentelor de [&hellip;]<\/p>\n","protected":false},"author":1,"featured_media":0,"parent":0,"menu_order":0,"comment_status":"closed","ping_status":"closed","template":"","meta":{"_et_pb_use_builder":"on","_et_pb_old_content":"","_et_gb_content_width":"","footnotes":""},"class_list":["post-8","page","type-page","status-publish","hentry"],"_links":{"self":[{"href":"https:\/\/atvretezat.ro\/index.php\/wp-json\/wp\/v2\/pages\/8","targetHints":{"allow":["GET"]}}],"collection":[{"href":"https:\/\/atvretezat.ro\/index.php\/wp-json\/wp\/v2\/pages"}],"about":[{"href":"https:\/\/atvretezat.ro\/index.php\/wp-json\/wp\/v2\/types\/page"}],"author":[{"embeddable":true,"href":"https:\/\/atvretezat.ro\/index.php\/wp-json\/wp\/v2\/users\/1"}],"replies":[{"embeddable":true,"href":"https:\/\/atvretezat.ro\/index.php\/wp-json\/wp\/v2\/comments?post=8"}],"version-history":[{"count":52,"href":"https:\/\/atvretezat.ro\/index.php\/wp-json\/wp\/v2\/pages\/8\/revisions"}],"predecessor-version":[{"id":266,"href":"https:\/\/atvretezat.ro\/index.php\/wp-json\/wp\/v2\/pages\/8\/revisions\/266"}],"wp:attachment":[{"href":"https:\/\/atvretezat.ro\/index.php\/wp-json\/wp\/v2\/media?parent=8"}],"curies":[{"name":"wp","href":"https:\/\/api.w.org\/{rel}","templated":true}]}}