{"id":98,"date":"2024-03-23T08:44:43","date_gmt":"2024-03-23T08:44:43","guid":{"rendered":"https:\/\/atvretezat.ro\/?page_id=98"},"modified":"2024-08-17T07:57:55","modified_gmt":"2024-08-17T07:57:55","slug":"despre-noi","status":"publish","type":"page","link":"https:\/\/atvretezat.ro\/index.php\/despre-noi\/","title":{"rendered":"Despre noi"},"content":{"rendered":"<p>[et_pb_section fb_built=&#8221;1&#8243; _builder_version=&#8221;4.13.0&#8243; _module_preset=&#8221;default&#8221; global_colors_info=&#8221;{}&#8221;][et_pb_row _builder_version=&#8221;4.13.0&#8243; _module_preset=&#8221;default&#8221; global_colors_info=&#8221;{}&#8221;][et_pb_column type=&#8221;4_4&#8243; _builder_version=&#8221;4.13.0&#8243; _module_preset=&#8221;default&#8221; global_colors_info=&#8221;{}&#8221;][et_pb_text _builder_version=&#8221;4.13.0&#8243; _module_preset=&#8221;default&#8221; text_font=&#8221;Montserrat||||||||&#8221; global_colors_info=&#8221;{}&#8221;]<\/p>\n<h1 style=\"text-align: center;\"><strong>Despre noi<\/strong><\/h1>\n<p>[\/et_pb_text][\/et_pb_column][\/et_pb_row][et_pb_row _builder_version=&#8221;4.13.0&#8243; _module_preset=&#8221;default&#8221; global_colors_info=&#8221;{}&#8221;][et_pb_column type=&#8221;4_4&#8243; _builder_version=&#8221;4.13.0&#8243; _module_preset=&#8221;default&#8221; global_colors_info=&#8221;{}&#8221;][et_pb_text _builder_version=&#8221;4.13.0&#8243; _module_preset=&#8221;default&#8221; text_font=&#8221;Montserrat||||||||&#8221; hover_enabled=&#8221;0&#8243; global_colors_info=&#8221;{}&#8221; sticky_enabled=&#8221;0&#8243;]<\/p>\n<p>Bine a\u021bi venit la centrul nostru de trasee recreative cu ATV, un loc unde aventura \u0219i siguran\u021ba se \u00eent\u00e2lnesc pentru a oferi o experien\u021b\u0103 de neuitat \u00een inima naturii. Situat \u00een proximitatea impun\u0103toarei zone a Retezatului, centrul nostru este poarta c\u0103tre o lume plin\u0103 de frumuse\u021be natural\u0103 \u0219i adrenalin\u0103, unde fiecare traseu montan v\u0103 dezv\u0103luie peisaje de o frumuse\u021be rar\u0103 \u0219i v\u0103 provoac\u0103 spiritul aventuros.<\/p>\n<p>La noi, pasiunea pentru natur\u0103 \u0219i tehnologia de v\u00e2rf se \u00eembin\u0103 armonios, oferindu-v\u0103 acces la o flot\u0103 de ATV-uri de ultim\u0103 genera\u021bie. Aceste vehicule puternice, dar u\u0219or de manevrat, sunt concepute s\u0103 v\u0103 ofere maximul de confort \u0219i siguran\u021b\u0103, indiferent de traseul ales. Dotate cu cele mai recente inova\u021bii \u00een materie de siguran\u021b\u0103 \u0219i performan\u021b\u0103, ATV-urile noastre sunt gata s\u0103 transforme orice plimbare \u00eentr-o aventur\u0103 extraordinar\u0103.<\/p>\n<p>Con\u0219tien\u021bi de importan\u021ba siguran\u021bei \u00een orice aventur\u0103, ne asigur\u0103m c\u0103 fiecare client este echipat corespunz\u0103tor. Astfel, v\u0103 punem la dispozi\u021bie echipament de protec\u021bie complet, inclusiv c\u0103\u0219ti \u0219i m\u0103nu\u0219i, pentru a v\u0103 bucura de c\u0103l\u0103torie f\u0103r\u0103 griji.<\/p>\n<p>Plimb\u0103rile noastre sunt \u00eentotdeauna ghidate de exper\u021bi pasiona\u021bi \u0219i cunosc\u0103tori ai regiunii, care v\u0103 vor conduce pe trasee montane prestabilite, concepute s\u0103 valorifice la maximum frumuse\u021bea natural\u0103 a zonei. Fie c\u0103 sunte\u021bi un \u00eemp\u0103timit al adrenalinii sau pur \u0219i simplu c\u0103uta\u021bi o modalitate de a v\u0103 reconecta cu natura, traseele noastre sunt adaptate pentru a r\u0103spunde tuturor nivelurilor de experien\u021b\u0103 \u0219i preferin\u021be.<\/p>\n<p>V\u0103 invit\u0103m s\u0103 descoperi\u021bi magia traseelor montane la bordul unui ATV de ultim\u0103 genera\u021bie, s\u0103 v\u0103 bucura\u021bi de peisaje uluitoare \u0219i s\u0103 tr\u0103i\u021bi momente de neuitat \u00een compania noastr\u0103. Suntem aici pentru a v\u0103 asigura o experien\u021b\u0103 sigur\u0103, confortabil\u0103 \u0219i plin\u0103 de adrenalin\u0103.<\/p>\n<p>[\/et_pb_text][\/et_pb_column][\/et_pb_row][et_pb_row _builder_version=&#8221;4.13.0&#8243; _module_preset=&#8221;default&#8221; global_colors_info=&#8221;{}&#8221;][et_pb_column type=&#8221;4_4&#8243; _builder_version=&#8221;4.13.0&#8243; _module_preset=&#8221;default&#8221; global_colors_info=&#8221;{}&#8221;][et_pb_button button_url=&#8221;https:\/\/atvretezat.ro\/index.php\/contact\/&#8221; button_text=&#8221;Cere mai multe detalii&#8221; button_alignment=&#8221;center&#8221; _builder_version=&#8221;4.13.0&#8243; _module_preset=&#8221;default&#8221; custom_button=&#8221;on&#8221; button_text_color=&#8221;#FFFFFF&#8221; button_bg_color=&#8221;#725822&#8243; button_border_radius=&#8221;15px&#8221; button_font=&#8221;Montserrat|700|||||||&#8221; button_icon=&#8221;&#x39;||divi||400&#8243; global_colors_info=&#8221;{}&#8221;][\/et_pb_button][\/et_pb_column][\/et_pb_row][\/et_pb_section]<\/p>\n","protected":false},"excerpt":{"rendered":"<p>Despre noiBine a\u021bi venit la centrul nostru de trasee recreative cu ATV, un loc unde aventura \u0219i siguran\u021ba se \u00eent\u00e2lnesc pentru a oferi o experien\u021b\u0103 de neuitat \u00een inima naturii. Situat \u00een proximitatea impun\u0103toarei zone a Retezatului, centrul nostru este poarta c\u0103tre o lume plin\u0103 de frumuse\u021be natural\u0103 \u0219i adrenalin\u0103, unde fiecare traseu montan v\u0103 [&hellip;]<\/p>\n","protected":false},"author":1,"featured_media":0,"parent":0,"menu_order":0,"comment_status":"closed","ping_status":"closed","template":"","meta":{"_et_pb_use_builder":"on","_et_pb_old_content":"","_et_gb_content_width":"","footnotes":""},"class_list":["post-98","page","type-page","status-publish","hentry"],"_links":{"self":[{"href":"https:\/\/atvretezat.ro\/index.php\/wp-json\/wp\/v2\/pages\/98","targetHints":{"allow":["GET"]}}],"collection":[{"href":"https:\/\/atvretezat.ro\/index.php\/wp-json\/wp\/v2\/pages"}],"about":[{"href":"https:\/\/atvretezat.ro\/index.php\/wp-json\/wp\/v2\/types\/page"}],"author":[{"embeddable":true,"href":"https:\/\/atvretezat.ro\/index.php\/wp-json\/wp\/v2\/users\/1"}],"replies":[{"embeddable":true,"href":"https:\/\/atvretezat.ro\/index.php\/wp-json\/wp\/v2\/comments?post=98"}],"version-history":[{"count":6,"href":"https:\/\/atvretezat.ro\/index.php\/wp-json\/wp\/v2\/pages\/98\/revisions"}],"predecessor-version":[{"id":232,"href":"https:\/\/atvretezat.ro\/index.php\/wp-json\/wp\/v2\/pages\/98\/revisions\/232"}],"wp:attachment":[{"href":"https:\/\/atvretezat.ro\/index.php\/wp-json\/wp\/v2\/media?parent=98"}],"curies":[{"name":"wp","href":"https:\/\/api.w.org\/{rel}","templated":true}]}}