{"id":220,"date":"2024-05-29T12:10:32","date_gmt":"2024-05-29T12:10:32","guid":{"rendered":"https:\/\/atvretezat.ro\/?post_type=product&#038;p=220"},"modified":"2024-08-17T10:20:43","modified_gmt":"2024-08-17T10:20:43","slug":"inchiriere-atv","status":"publish","type":"product","link":"https:\/\/atvretezat.ro\/index.php\/product\/inchiriere-atv\/","title":{"rendered":"Traseu recreativ cu ATV"},"content":{"rendered":"<p><strong>V\u0103 \u00eent\u00e2mpin\u0103m cu bra\u021bele deschise \u00een lumea noastr\u0103 plin\u0103 de adrenalin\u0103 \u0219i frumuse\u021bi naturale. Cu noi, ave\u021bi \u0219ansa de a v\u0103 elibera de rutina zilnic\u0103 \u0219i a v\u0103 re\u00eenc\u0103rca bateriile explor\u00e2nd trasee pitore\u0219ti \u00een inima Retezatului. Fiecare plimbare cu ATV-ul este o promisiune a aventurii pure \u0219i a momentelor de pace, av\u00e2nd ca fundal unele dintre cele mai impresionante peisaje. L\u0103sa\u021bi-v\u0103 sedu\u0219i de chemarea naturii \u0219i planifica\u021bi-v\u0103 o escapad\u0103 memorabil\u0103 pe patru ro\u021bi.\u00a0<\/strong><\/p>\n","protected":false},"excerpt":{"rendered":"<p>Pentru a face o rezervare va rugam sa completati formularul cu numele si numarul dumneavoastra de telefon, sa alegeti data si ora si apoi sa apasati butonul &#8222;trimite&#8221;. Dupa ce ati trimis formulatul va rugam sa alageti numarul de ore si numarul de atv-uri, apoi sa adaugati in cos rezervarea sa accesati cosul meu din coltul din dreapta sus si sa finalizati achizitia.<\/p>\n\n<div class=\"wpcf7 no-js\" id=\"wpcf7-f246-o1\" lang=\"en\" dir=\"ltr\" data-wpcf7-id=\"246\">\n<div class=\"screen-reader-response\"><p role=\"status\" aria-live=\"polite\" aria-atomic=\"true\"><\/p> <ul><\/ul><\/div>\n<form action=\"\/index.php\/wp-json\/wp\/v2\/product\/220#wpcf7-f246-o1\" method=\"post\" class=\"wpcf7-form init\" aria-label=\"Formular de contact\" novalidate=\"novalidate\" data-status=\"init\">\n<fieldset class=\"hidden-fields-container\"><input type=\"hidden\" name=\"_wpcf7\" value=\"246\" \/><input type=\"hidden\" name=\"_wpcf7_version\" value=\"6.1.5\" \/><input type=\"hidden\" name=\"_wpcf7_locale\" value=\"en\" \/><input type=\"hidden\" name=\"_wpcf7_unit_tag\" value=\"wpcf7-f246-o1\" \/><input type=\"hidden\" name=\"_wpcf7_container_post\" value=\"0\" \/><input type=\"hidden\" name=\"_wpcf7_posted_data_hash\" value=\"\" \/>\n<\/fieldset>\n<p><label> Nume<br \/>\n<span class=\"wpcf7-form-control-wrap\" data-name=\"your-name\"><input size=\"40\" maxlength=\"400\" class=\"wpcf7-form-control wpcf7-text wpcf7-validates-as-required\" autocomplete=\"name\" aria-required=\"true\" aria-invalid=\"false\" value=\"\" type=\"text\" name=\"your-name\" \/><\/span> <\/label>\n<\/p>\n<p><label> Telefon<br \/>\n<span class=\"wpcf7-form-control-wrap\" data-name=\"text-354\"><input size=\"40\" maxlength=\"400\" class=\"wpcf7-form-control wpcf7-text\" aria-invalid=\"false\" value=\"\" type=\"text\" name=\"text-354\" \/><\/span><br \/>\n<span class=\"wpcf7-form-control-wrap\" data-name=\"date-694\"><input class=\"wpcf7-form-control wpcf7-date wpcf7-validates-as-date\" min=\"2024-08-17\" max=\"2025-12-17\" aria-invalid=\"false\" value=\"\" type=\"date\" name=\"date-694\" \/><\/span><br \/>\n<\/label><label> Ora<br \/>\n<span class=\"wpcf7-form-control-wrap\" data-name=\"Ora\"><select class=\"wpcf7-form-control wpcf7-select\" aria-invalid=\"false\" name=\"Ora\"><option value=\"9:00\">9:00<\/option><option value=\"10:00\">10:00<\/option><option value=\"11:00\">11:00<\/option><option value=\"12:00\">12:00<\/option><option value=\"13:00\">13:00<\/option><option value=\"14:00\">14:00<\/option><option value=\"15:00\">15:00<\/option><option value=\"16:00\">16:00<\/option><option value=\"17:00\">17:00<\/option><\/select><\/span><br \/>\n<input class=\"wpcf7-form-control wpcf7-submit has-spinner\" type=\"submit\" value=\"Trimite\" \/><\/label>\n<\/p><div class=\"wpcf7-response-output\" aria-hidden=\"true\"><\/div>\n<\/form>\n<\/div>\n\n","protected":false},"featured_media":15,"comment_status":"open","ping_status":"closed","template":"","meta":{"_et_pb_use_builder":"","_et_pb_old_content":"","_et_gb_content_width":""},"product_brand":[],"product_cat":[17],"product_tag":[],"mwb_booking_cost":[18],"mwb_booking_service":[],"class_list":{"0":"post-220","1":"product","2":"type-product","3":"status-publish","4":"has-post-thumbnail","6":"product_cat-uncategorized","7":"mwb_booking_cost-inchiriere-atv","9":"first","10":"instock","11":"shipping-taxable","12":"purchasable","13":"product-type-variable"},"_links":{"self":[{"href":"https:\/\/atvretezat.ro\/index.php\/wp-json\/wp\/v2\/product\/220","targetHints":{"allow":["GET"]}}],"collection":[{"href":"https:\/\/atvretezat.ro\/index.php\/wp-json\/wp\/v2\/product"}],"about":[{"href":"https:\/\/atvretezat.ro\/index.php\/wp-json\/wp\/v2\/types\/product"}],"replies":[{"embeddable":true,"href":"https:\/\/atvretezat.ro\/index.php\/wp-json\/wp\/v2\/comments?post=220"}],"wp:featuredmedia":[{"embeddable":true,"href":"https:\/\/atvretezat.ro\/index.php\/wp-json\/wp\/v2\/media\/15"}],"wp:attachment":[{"href":"https:\/\/atvretezat.ro\/index.php\/wp-json\/wp\/v2\/media?parent=220"}],"wp:term":[{"taxonomy":"product_brand","embeddable":true,"href":"https:\/\/atvretezat.ro\/index.php\/wp-json\/wp\/v2\/product_brand?post=220"},{"taxonomy":"product_cat","embeddable":true,"href":"https:\/\/atvretezat.ro\/index.php\/wp-json\/wp\/v2\/product_cat?post=220"},{"taxonomy":"product_tag","embeddable":true,"href":"https:\/\/atvretezat.ro\/index.php\/wp-json\/wp\/v2\/product_tag?post=220"},{"taxonomy":"mwb_booking_cost","embeddable":true,"href":"https:\/\/atvretezat.ro\/index.php\/wp-json\/wp\/v2\/mwb_booking_cost?post=220"},{"taxonomy":"mwb_booking_service","embeddable":true,"href":"https:\/\/atvretezat.ro\/index.php\/wp-json\/wp\/v2\/mwb_booking_service?post=220"}],"curies":[{"name":"wp","href":"https:\/\/api.w.org\/{rel}","templated":true}]}}